{"id":1338,"date":"2020-02-06T17:37:26","date_gmt":"2020-02-06T23:37:26","guid":{"rendered":"https:\/\/novabarro.net\/home\/?post_type=product&#038;p=1338"},"modified":"2024-09-03T13:46:46","modified_gmt":"2024-09-03T18:46:46","slug":"teja-arabe-cafe-antique","status":"publish","type":"product","link":"https:\/\/novabarro.net\/home\/producto\/teja-arabe-cafe-antique\/","title":{"rendered":"Teja \u00c1rabe Caf\u00e9 Antique"},"content":{"rendered":"<p>Teja mecanizada con tonalidades caf\u00e9s, negras y blancas de 40x20x15.5 perfecta para losas y marquesinas. Puede ser usada como cumbrera.<\/p>\n<p>Ficha T\u00e9cnica: <a href=\"https:\/\/novabarro.net\/home\/wp-content\/uploads\/2018\/07\/Teja-Arabe.pdf\">Teja \u00c1rabe<\/a><\/p>\n","protected":false},"excerpt":{"rendered":"<p>Teja mecanizada con tonalidades caf\u00e9s, negras y blancas de 40x20x15.5 perfecta para losas y marquesinas. Puede ser usada como cumbrera.<\/p>\n<p>Ficha T\u00e9cnica: <a href=\"https:\/\/novabarro.net\/home\/wp-content\/uploads\/2018\/07\/Teja-Arabe.pdf\">Teja \u00c1rabe<\/a><\/p>\n","protected":false},"featured_media":1339,"template":"","meta":{"_et_pb_use_builder":"","_et_pb_old_content":"","_et_gb_content_width":""},"product_cat":[21,25,26],"product_tag":[],"class_list":["post-1338","product","type-product","status-publish","has-post-thumbnail","hentry","product_cat-materiales-de-barro","product_cat-mecanizado","product_cat-teja"],"_links":{"self":[{"href":"https:\/\/novabarro.net\/home\/wp-json\/wp\/v2\/product\/1338","targetHints":{"allow":["GET"]}}],"collection":[{"href":"https:\/\/novabarro.net\/home\/wp-json\/wp\/v2\/product"}],"about":[{"href":"https:\/\/novabarro.net\/home\/wp-json\/wp\/v2\/types\/product"}],"wp:featuredmedia":[{"embeddable":true,"href":"https:\/\/novabarro.net\/home\/wp-json\/wp\/v2\/media\/1339"}],"wp:attachment":[{"href":"https:\/\/novabarro.net\/home\/wp-json\/wp\/v2\/media?parent=1338"}],"wp:term":[{"taxonomy":"product_cat","embeddable":true,"href":"https:\/\/novabarro.net\/home\/wp-json\/wp\/v2\/product_cat?post=1338"},{"taxonomy":"product_tag","embeddable":true,"href":"https:\/\/novabarro.net\/home\/wp-json\/wp\/v2\/product_tag?post=1338"}],"curies":[{"name":"wp","href":"https:\/\/api.w.org\/{rel}","templated":true}]}}