{"id":2678,"date":"2024-05-28T14:26:10","date_gmt":"2024-05-28T19:26:10","guid":{"rendered":"https:\/\/novabarro.net\/home\/?post_type=product&#038;p=2678"},"modified":"2025-05-05T21:49:33","modified_gmt":"2025-05-06T03:49:33","slug":"pegapiso-platino-20kg","status":"publish","type":"product","link":"https:\/\/novabarro.net\/home\/producto\/pegapiso-platino-20kg\/","title":{"rendered":"Pegapiso Platino 20kg."},"content":{"rendered":"<p>Adhesivo de 20kg. adecuado para la instalaci\u00f3n de piso de barro, cantera, m\u00e1rmol y elementos de menor absorci\u00f3n. 4 \u2013 5 mts\u00b2 por saco de 20 kg.<\/p>\n<p>Ficha T\u00e9cnica: <a href=\"https:\/\/novabarro.net\/home\/wp-content\/uploads\/2024\/05\/Pegapiso-Platino.pdf\">Pegapiso Platino<\/a><\/p>\n","protected":false},"excerpt":{"rendered":"<p>Adhesivo de 20kg. adecuado para la instalaci\u00f3n de piso de barro, cantera, m\u00e1rmol y elementos de menor absorci\u00f3n. 4 \u2013 5 mts\u00b2 por saco de 20 kg.<\/p>\n<p>Ficha T\u00e9cnica: <a href=\"https:\/\/novabarro.net\/home\/wp-content\/uploads\/2024\/05\/Pegapiso-Platino.pdf\">Pegapiso Platino<\/a><\/p>\n","protected":false},"featured_media":2681,"template":"","meta":{"_et_pb_use_builder":"","_et_pb_old_content":"","_et_gb_content_width":""},"product_cat":[23],"product_tag":[],"class_list":["post-2678","product","type-product","status-publish","has-post-thumbnail","hentry","product_cat-pegamentos"],"_links":{"self":[{"href":"https:\/\/novabarro.net\/home\/wp-json\/wp\/v2\/product\/2678","targetHints":{"allow":["GET"]}}],"collection":[{"href":"https:\/\/novabarro.net\/home\/wp-json\/wp\/v2\/product"}],"about":[{"href":"https:\/\/novabarro.net\/home\/wp-json\/wp\/v2\/types\/product"}],"wp:featuredmedia":[{"embeddable":true,"href":"https:\/\/novabarro.net\/home\/wp-json\/wp\/v2\/media\/2681"}],"wp:attachment":[{"href":"https:\/\/novabarro.net\/home\/wp-json\/wp\/v2\/media?parent=2678"}],"wp:term":[{"taxonomy":"product_cat","embeddable":true,"href":"https:\/\/novabarro.net\/home\/wp-json\/wp\/v2\/product_cat?post=2678"},{"taxonomy":"product_tag","embeddable":true,"href":"https:\/\/novabarro.net\/home\/wp-json\/wp\/v2\/product_tag?post=2678"}],"curies":[{"name":"wp","href":"https:\/\/api.w.org\/{rel}","templated":true}]}}