{"id":3250,"date":"2024-07-22T14:12:09","date_gmt":"2024-07-22T19:12:09","guid":{"rendered":"https:\/\/novabarro.net\/home\/?post_type=product&#038;p=3250"},"modified":"2024-07-22T14:16:09","modified_gmt":"2024-07-22T19:16:09","slug":"entzo-22","status":"publish","type":"product","link":"https:\/\/novabarro.net\/home\/producto\/entzo-22\/","title":{"rendered":"Entzo 22"},"content":{"rendered":"<p>Placa de piedra sinterizada ultra compacta de 320x144x1.2 perfecto para cocinas, ba\u00f1os, pisos. Tonalidad blanco con decorado de manchas blancas y l\u00edneas irregulares caf\u00e9 tenue.<\/p>\n<p>Disponible en acabado Mate Liso.<\/p>\n<p>Ficha T\u00e9cnica: <a href=\"https:\/\/novabarro.net\/home\/wp-content\/uploads\/2024\/06\/Dekton-Cosentino.pdf\">Dekton Cosentino<\/a><\/p>\n","protected":false},"excerpt":{"rendered":"<p>Placa de piedra sinterizada ultra compacta de 320x144x1.2 perfecto para cocinas, ba\u00f1os, pisos. Tonalidad blanco con decorado de manchas blancas y l\u00edneas irregulares caf\u00e9 tenue.<\/p>\n<p>Disponible en acabado Mate Liso.<\/p>\n<p>Ficha T\u00e9cnica: <a href=\"https:\/\/novabarro.net\/home\/wp-content\/uploads\/2024\/06\/Dekton-Cosentino.pdf\">Dekton Cosentino<\/a><\/p>\n","protected":false},"featured_media":3251,"template":"","meta":{"_et_pb_use_builder":"","_et_pb_old_content":"","_et_gb_content_width":""},"product_cat":[50,38],"product_tag":[],"class_list":["post-3250","product","type-product","status-publish","has-post-thumbnail","hentry","product_cat-piedra-sinterizada","product_cat-otros"],"_links":{"self":[{"href":"https:\/\/novabarro.net\/home\/wp-json\/wp\/v2\/product\/3250","targetHints":{"allow":["GET"]}}],"collection":[{"href":"https:\/\/novabarro.net\/home\/wp-json\/wp\/v2\/product"}],"about":[{"href":"https:\/\/novabarro.net\/home\/wp-json\/wp\/v2\/types\/product"}],"wp:featuredmedia":[{"embeddable":true,"href":"https:\/\/novabarro.net\/home\/wp-json\/wp\/v2\/media\/3251"}],"wp:attachment":[{"href":"https:\/\/novabarro.net\/home\/wp-json\/wp\/v2\/media?parent=3250"}],"wp:term":[{"taxonomy":"product_cat","embeddable":true,"href":"https:\/\/novabarro.net\/home\/wp-json\/wp\/v2\/product_cat?post=3250"},{"taxonomy":"product_tag","embeddable":true,"href":"https:\/\/novabarro.net\/home\/wp-json\/wp\/v2\/product_tag?post=3250"}],"curies":[{"name":"wp","href":"https:\/\/api.w.org\/{rel}","templated":true}]}}