{"id":3296,"date":"2024-07-30T14:21:38","date_gmt":"2024-07-30T19:21:38","guid":{"rendered":"https:\/\/novabarro.net\/home\/?post_type=product&#038;p=3296"},"modified":"2024-07-30T14:23:36","modified_gmt":"2024-07-30T19:23:36","slug":"taga","status":"publish","type":"product","link":"https:\/\/novabarro.net\/home\/producto\/taga\/","title":{"rendered":"Taga"},"content":{"rendered":"<p>Placa de piedra sinterizada ultra compacta de 320x144x1.2 perfecto para cocinas, ba\u00f1os, pisos. Tonalidad gris con decorado de manchas caf\u00e9s y grises; y l\u00edneas irregulares blancas y caf\u00e9s tenues.<\/p>\n<p>Disponible en acabado Pulido (Xgloss-Superbrillo)<\/p>\n<p>Ficha T\u00e9cnica: <a href=\"https:\/\/novabarro.net\/home\/wp-content\/uploads\/2024\/06\/Dekton-Cosentino.pdf\">Dekton Cosentino<\/a><\/p>\n","protected":false},"excerpt":{"rendered":"<p>Placa de piedra sinterizada ultra compacta de 320x144x1.2 perfecto para cocinas, ba\u00f1os, pisos. Tonalidad gris con decorado de manchas caf\u00e9s y grises; y l\u00edneas irregulares blancas y caf\u00e9s tenues.<\/p>\n<p>Disponible en acabado Pulido (Xgloss-Superbrillo)<\/p>\n<p>Ficha T\u00e9cnica: <a href=\"https:\/\/novabarro.net\/home\/wp-content\/uploads\/2024\/06\/Dekton-Cosentino.pdf\">Dekton Cosentino<\/a><\/p>\n","protected":false},"featured_media":3297,"template":"","meta":{"_et_pb_use_builder":"","_et_pb_old_content":"","_et_gb_content_width":""},"product_cat":[50,38],"product_tag":[],"class_list":["post-3296","product","type-product","status-publish","has-post-thumbnail","hentry","product_cat-piedra-sinterizada","product_cat-otros"],"_links":{"self":[{"href":"https:\/\/novabarro.net\/home\/wp-json\/wp\/v2\/product\/3296","targetHints":{"allow":["GET"]}}],"collection":[{"href":"https:\/\/novabarro.net\/home\/wp-json\/wp\/v2\/product"}],"about":[{"href":"https:\/\/novabarro.net\/home\/wp-json\/wp\/v2\/types\/product"}],"wp:featuredmedia":[{"embeddable":true,"href":"https:\/\/novabarro.net\/home\/wp-json\/wp\/v2\/media\/3297"}],"wp:attachment":[{"href":"https:\/\/novabarro.net\/home\/wp-json\/wp\/v2\/media?parent=3296"}],"wp:term":[{"taxonomy":"product_cat","embeddable":true,"href":"https:\/\/novabarro.net\/home\/wp-json\/wp\/v2\/product_cat?post=3296"},{"taxonomy":"product_tag","embeddable":true,"href":"https:\/\/novabarro.net\/home\/wp-json\/wp\/v2\/product_tag?post=3296"}],"curies":[{"name":"wp","href":"https:\/\/api.w.org\/{rel}","templated":true}]}}